{"id":86,"date":"2019-09-26T10:42:35","date_gmt":"2019-09-26T08:42:35","guid":{"rendered":"http:\/\/jardinsdxa.cluster023.hosting.ovh.net\/?page_id=86"},"modified":"2025-04-08T05:15:29","modified_gmt":"2025-04-08T03:15:29","slug":"points-de-vente","status":"publish","type":"page","link":"https:\/\/www.jardins-de-boscornut.com\/index.php\/points-de-vente\/","title":{"rendered":"Points de vente"},"content":{"rendered":"\t\t<div data-elementor-type=\"wp-page\" data-elementor-id=\"86\" class=\"elementor elementor-86\">\n\t\t\t\t\t\t<section class=\"elementor-section elementor-top-section elementor-element elementor-element-1fe3835 elementor-section-boxed elementor-section-height-default elementor-section-height-default\" data-id=\"1fe3835\" data-element_type=\"section\">\n\t\t\t\t\t\t<div class=\"elementor-container elementor-column-gap-default\">\n\t\t\t\t\t<div class=\"elementor-column elementor-col-25 elementor-top-column elementor-element elementor-element-accb0c1\" data-id=\"accb0c1\" data-element_type=\"column\">\n\t\t\t<div class=\"elementor-widget-wrap elementor-element-populated\">\n\t\t\t\t\t\t<div class=\"elementor-element elementor-element-6793684 elementor-widget elementor-widget-image\" data-id=\"6793684\" data-element_type=\"widget\" data-widget_type=\"image.default\">\n\t\t\t\t<div class=\"elementor-widget-container\">\n\t\t\t\t\t\t\t\t\t\t\t\t\t<img fetchpriority=\"high\" decoding=\"async\" width=\"727\" height=\"273\" src=\"https:\/\/www.jardins-de-boscornut.com\/wp-content\/uploads\/2019\/09\/tomates-kaki.jpg\" class=\"attachment-large size-large wp-image-185\" alt=\"\" srcset=\"https:\/\/www.jardins-de-boscornut.com\/wp-content\/uploads\/2019\/09\/tomates-kaki.jpg 727w, https:\/\/www.jardins-de-boscornut.com\/wp-content\/uploads\/2019\/09\/tomates-kaki-300x113.jpg 300w\" sizes=\"(max-width: 727px) 100vw, 727px\" \/>\t\t\t\t\t\t\t\t\t\t\t\t\t<\/div>\n\t\t\t\t<\/div>\n\t\t\t\t\t<\/div>\n\t\t<\/div>\n\t\t\t\t<div class=\"elementor-column elementor-col-25 elementor-top-column elementor-element elementor-element-bf21486\" data-id=\"bf21486\" data-element_type=\"column\">\n\t\t\t<div class=\"elementor-widget-wrap elementor-element-populated\">\n\t\t\t\t\t\t<div class=\"elementor-element elementor-element-99f2274 elementor-widget elementor-widget-image\" data-id=\"99f2274\" data-element_type=\"widget\" data-widget_type=\"image.default\">\n\t\t\t\t<div class=\"elementor-widget-container\">\n\t\t\t\t\t\t\t\t\t\t\t\t\t<img decoding=\"async\" width=\"346\" height=\"191\" src=\"https:\/\/www.jardins-de-boscornut.com\/wp-content\/uploads\/2019\/09\/oeufs.jpg\" class=\"attachment-large size-large wp-image-186\" alt=\"\" srcset=\"https:\/\/www.jardins-de-boscornut.com\/wp-content\/uploads\/2019\/09\/oeufs.jpg 346w, https:\/\/www.jardins-de-boscornut.com\/wp-content\/uploads\/2019\/09\/oeufs-300x166.jpg 300w\" sizes=\"(max-width: 346px) 100vw, 346px\" \/>\t\t\t\t\t\t\t\t\t\t\t\t\t<\/div>\n\t\t\t\t<\/div>\n\t\t\t\t\t<\/div>\n\t\t<\/div>\n\t\t\t\t<div class=\"elementor-column elementor-col-25 elementor-top-column elementor-element elementor-element-faec2bc\" data-id=\"faec2bc\" data-element_type=\"column\">\n\t\t\t<div class=\"elementor-widget-wrap elementor-element-populated\">\n\t\t\t\t\t\t<div class=\"elementor-element elementor-element-d9b2dc6 elementor-widget elementor-widget-image\" data-id=\"d9b2dc6\" data-element_type=\"widget\" data-widget_type=\"image.default\">\n\t\t\t\t<div class=\"elementor-widget-container\">\n\t\t\t\t\t\t\t\t\t\t\t\t\t<img decoding=\"async\" width=\"960\" height=\"720\" src=\"https:\/\/www.jardins-de-boscornut.com\/wp-content\/uploads\/2025\/04\/point-de-vente-1.jpg\" class=\"attachment-large size-large wp-image-646\" alt=\"\" srcset=\"https:\/\/www.jardins-de-boscornut.com\/wp-content\/uploads\/2025\/04\/point-de-vente-1.jpg 960w, https:\/\/www.jardins-de-boscornut.com\/wp-content\/uploads\/2025\/04\/point-de-vente-1-300x225.jpg 300w, https:\/\/www.jardins-de-boscornut.com\/wp-content\/uploads\/2025\/04\/point-de-vente-1-768x576.jpg 768w\" sizes=\"(max-width: 960px) 100vw, 960px\" \/>\t\t\t\t\t\t\t\t\t\t\t\t\t<\/div>\n\t\t\t\t<\/div>\n\t\t\t\t\t<\/div>\n\t\t<\/div>\n\t\t\t\t<div class=\"elementor-column elementor-col-25 elementor-top-column elementor-element elementor-element-f95ff67\" data-id=\"f95ff67\" data-element_type=\"column\">\n\t\t\t<div class=\"elementor-widget-wrap elementor-element-populated\">\n\t\t\t\t\t\t<div class=\"elementor-element elementor-element-e5f015c elementor-widget__width-initial elementor-widget elementor-widget-image\" data-id=\"e5f015c\" data-element_type=\"widget\" data-widget_type=\"image.default\">\n\t\t\t\t<div class=\"elementor-widget-container\">\n\t\t\t\t\t\t\t\t\t\t\t\t\t<img loading=\"lazy\" decoding=\"async\" width=\"167\" height=\"135\" src=\"https:\/\/www.jardins-de-boscornut.com\/wp-content\/uploads\/2019\/09\/courges.jpg\" class=\"attachment-large size-large wp-image-160\" alt=\"\" \/>\t\t\t\t\t\t\t\t\t\t\t\t\t<\/div>\n\t\t\t\t<\/div>\n\t\t\t\t\t<\/div>\n\t\t<\/div>\n\t\t\t\t\t<\/div>\n\t\t<\/section>\n\t\t\t\t<section class=\"elementor-section elementor-top-section elementor-element elementor-element-7cba94a elementor-section-boxed elementor-section-height-default elementor-section-height-default\" data-id=\"7cba94a\" data-element_type=\"section\">\n\t\t\t\t\t\t<div class=\"elementor-container elementor-column-gap-default\">\n\t\t\t\t\t<div class=\"elementor-column elementor-col-33 elementor-top-column elementor-element elementor-element-034f7c8\" data-id=\"034f7c8\" data-element_type=\"column\">\n\t\t\t<div class=\"elementor-widget-wrap elementor-element-populated\">\n\t\t\t\t\t\t<div class=\"elementor-element elementor-element-9c46fd0 elementor-widget elementor-widget-text-editor\" data-id=\"9c46fd0\" data-element_type=\"widget\" data-widget_type=\"text-editor.default\">\n\t\t\t\t<div class=\"elementor-widget-container\">\n\t\t\t\t\t\t\t<div data-packed=\"false\" data-min-height=\"128\"><h1><strong>Vente \u00e0 la ferme<br \/><\/strong><\/h1><\/div>\t\t\t\t\t\t<\/div>\n\t\t\t\t<\/div>\n\t\t\t\t<div class=\"elementor-element elementor-element-facbfbc elementor-widget elementor-widget-text-editor\" data-id=\"facbfbc\" data-element_type=\"widget\" data-widget_type=\"text-editor.default\">\n\t\t\t\t<div class=\"elementor-widget-container\">\n\t\t\t\t\t\t\t<p><b>Toute l&rsquo;ann\u00e9e : <br \/><\/b><\/p>\t\t\t\t\t\t<\/div>\n\t\t\t\t<\/div>\n\t\t\t\t<div class=\"elementor-element elementor-element-5ff90cd elementor-widget elementor-widget-text-editor\" data-id=\"5ff90cd\" data-element_type=\"widget\" data-widget_type=\"text-editor.default\">\n\t\t\t\t<div class=\"elementor-widget-container\">\n\t\t\t\t\t\t\t<p>Tous les <strong>samedis : de 10h \u00e0 12h <\/strong><strong><br \/><\/strong><\/p><p><strong>Possibilit\u00e9 de r\u00e9server votre panier sur Cagette.net : <\/strong><br \/><strong> <a href=\"http:\/\/app.cagette.net\/group\/12363\"> http:\/\/app.cagette.net\/group\/12363 <\/a><\/strong><\/p>\t\t\t\t\t\t<\/div>\n\t\t\t\t<\/div>\n\t\t\t\t<div class=\"elementor-element elementor-element-bd28492 elementor-widget elementor-widget-text-editor\" data-id=\"bd28492\" data-element_type=\"widget\" data-widget_type=\"text-editor.default\">\n\t\t\t\t<div class=\"elementor-widget-container\">\n\t\t\t\t\t\t\t<p><strong>De mi Juillet \u00e0 mi Ao\u00fbt<\/strong><\/p>\t\t\t\t\t\t<\/div>\n\t\t\t\t<\/div>\n\t\t\t\t<div class=\"elementor-element elementor-element-ed7410d elementor-widget elementor-widget-text-editor\" data-id=\"ed7410d\" data-element_type=\"widget\" data-widget_type=\"text-editor.default\">\n\t\t\t\t<div class=\"elementor-widget-container\">\n\t\t\t\t\t\t\t<p>&#8211; Tous les <b>mardis de 10h \u00e0 12h<\/b><\/p><p>&#8211; Tous les <strong>samedis de 10h \u00e0 12h<\/strong><\/p>\t\t\t\t\t\t<\/div>\n\t\t\t\t<\/div>\n\t\t\t\t\t<\/div>\n\t\t<\/div>\n\t\t\t\t<div class=\"elementor-column elementor-col-33 elementor-top-column elementor-element elementor-element-3f07033\" data-id=\"3f07033\" data-element_type=\"column\">\n\t\t\t<div class=\"elementor-widget-wrap elementor-element-populated\">\n\t\t\t\t\t\t<div class=\"elementor-element elementor-element-c5ea0d6 elementor-widget elementor-widget-text-editor\" data-id=\"c5ea0d6\" data-element_type=\"widget\" data-widget_type=\"text-editor.default\">\n\t\t\t\t<div class=\"elementor-widget-container\">\n\t\t\t\t\t\t\t<h1><strong>\u00a0\u00a0\u00a0\u00a0\u00a0\u00a0\u00a0 \u00a0 \u00a0 \u00a0 AMAP<\/strong><strong><br \/><\/strong><\/h1>\t\t\t\t\t\t<\/div>\n\t\t\t\t<\/div>\n\t\t\t\t<div class=\"elementor-element elementor-element-a57d8cd elementor-widget__width-initial elementor-widget elementor-widget-text-editor\" data-id=\"a57d8cd\" data-element_type=\"widget\" data-widget_type=\"text-editor.default\">\n\t\t\t\t<div class=\"elementor-widget-container\">\n\t\t\t\t\t\t\t<p><strong>AMAP de Peyrignac : le samedi de 9h45 \u00e0 10h15<\/strong><\/p>\t\t\t\t\t\t<\/div>\n\t\t\t\t<\/div>\n\t\t\t\t<div class=\"elementor-element elementor-element-c7e325f elementor-widget__width-initial elementor-widget elementor-widget-text-editor\" data-id=\"c7e325f\" data-element_type=\"widget\" data-widget_type=\"text-editor.default\">\n\t\t\t\t<div class=\"elementor-widget-container\">\n\t\t\t\t\t\t\t<p>Livraison de l\u00e9gumes, poulets et oeufs.<\/p>\t\t\t\t\t\t<\/div>\n\t\t\t\t<\/div>\n\t\t\t\t\t<\/div>\n\t\t<\/div>\n\t\t\t\t<div class=\"elementor-column elementor-col-33 elementor-top-column elementor-element elementor-element-f39d782\" data-id=\"f39d782\" data-element_type=\"column\">\n\t\t\t<div class=\"elementor-widget-wrap elementor-element-populated\">\n\t\t\t\t\t\t<div class=\"elementor-element elementor-element-61b21b0 elementor-widget__width-initial elementor-widget elementor-widget-text-editor\" data-id=\"61b21b0\" data-element_type=\"widget\" data-widget_type=\"text-editor.default\">\n\t\t\t\t<div class=\"elementor-widget-container\">\n\t\t\t\t\t\t\t<div data-packed=\"false\" data-min-height=\"128\"><h1><strong>Boutique de producteurs<br \/><\/strong><\/h1><\/div>\t\t\t\t\t\t<\/div>\n\t\t\t\t<\/div>\n\t\t\t\t<div class=\"elementor-element elementor-element-0186b11 elementor-widget__width-initial elementor-widget elementor-widget-text-editor\" data-id=\"0186b11\" data-element_type=\"widget\" data-widget_type=\"text-editor.default\">\n\t\t\t\t<div class=\"elementor-widget-container\">\n\t\t\t\t\t\t\t<p><strong>Savignac Les Eglises, Place du 14 Juillet <br \/><\/strong><\/p><p><strong>(en face de l&rsquo;\u00e9cole)<br \/><\/strong><\/p>\t\t\t\t\t\t<\/div>\n\t\t\t\t<\/div>\n\t\t\t\t<div class=\"elementor-element elementor-element-91fbf48 elementor-widget__width-initial elementor-widget elementor-widget-text-editor\" data-id=\"91fbf48\" data-element_type=\"widget\" data-widget_type=\"text-editor.default\">\n\t\t\t\t<div class=\"elementor-widget-container\">\n\t\t\t\t\t\t\t<p>Livraison de l\u00e9gumes, poulets et oeufs toute l&rsquo;ann\u00e9e<\/p><p>Horaires d&rsquo;ouverture :<\/p><p>&#8211; du lundi au samedi de 8h30 \u00e0 12h30 et de 15h \u00e0 19h.<\/p><p>&#8211; les dimanches et jours f\u00e9ri\u00e9s de 8h30 \u00e0 12h30 (sauf le 25 d\u00e9cembre et le 1er Janvier)<\/p>\t\t\t\t\t\t<\/div>\n\t\t\t\t<\/div>\n\t\t\t\t\t<\/div>\n\t\t<\/div>\n\t\t\t\t\t<\/div>\n\t\t<\/section>\n\t\t\t\t<\/div>\n\t\t","protected":false},"excerpt":{"rendered":"<p>Vente \u00e0 la ferme Toute l&rsquo;ann\u00e9e : Tous les samedis : de 10h \u00e0 12h Possibilit\u00e9 de r\u00e9server votre panier sur Cagette.net : http:\/\/app.cagette.net\/group\/12363 De mi Juillet \u00e0 mi Ao\u00fbt &#8211; Tous les mardis de 10h \u00e0 12h &#8211; Tous les samedis de 10h \u00e0 12h \u00a0\u00a0\u00a0\u00a0\u00a0\u00a0\u00a0 \u00a0 \u00a0 \u00a0 AMAP AMAP de Peyrignac : [&hellip;]<\/p>\n","protected":false},"author":2,"featured_media":0,"parent":0,"menu_order":0,"comment_status":"closed","ping_status":"closed","template":"","meta":{"ocean_post_layout":"","ocean_both_sidebars_style":"","ocean_both_sidebars_content_width":0,"ocean_both_sidebars_sidebars_width":0,"ocean_sidebar":"0","ocean_second_sidebar":"0","ocean_disable_margins":"enable","ocean_add_body_class":"","ocean_shortcode_before_top_bar":"","ocean_shortcode_after_top_bar":"","ocean_shortcode_before_header":"","ocean_shortcode_after_header":"","ocean_has_shortcode":"","ocean_shortcode_after_title":"","ocean_shortcode_before_footer_widgets":"","ocean_shortcode_after_footer_widgets":"","ocean_shortcode_before_footer_bottom":"","ocean_shortcode_after_footer_bottom":"","ocean_display_top_bar":"default","ocean_display_header":"default","ocean_header_style":"","ocean_center_header_left_menu":"0","ocean_custom_header_template":"0","ocean_custom_logo":0,"ocean_custom_retina_logo":0,"ocean_custom_logo_max_width":0,"ocean_custom_logo_tablet_max_width":0,"ocean_custom_logo_mobile_max_width":0,"ocean_custom_logo_max_height":0,"ocean_custom_logo_tablet_max_height":0,"ocean_custom_logo_mobile_max_height":0,"ocean_header_custom_menu":"0","ocean_menu_typo_font_family":"0","ocean_menu_typo_font_subset":"","ocean_menu_typo_font_size":0,"ocean_menu_typo_font_size_tablet":0,"ocean_menu_typo_font_size_mobile":0,"ocean_menu_typo_font_size_unit":"px","ocean_menu_typo_font_weight":"","ocean_menu_typo_font_weight_tablet":"","ocean_menu_typo_font_weight_mobile":"","ocean_menu_typo_transform":"","ocean_menu_typo_transform_tablet":"","ocean_menu_typo_transform_mobile":"","ocean_menu_typo_line_height":0,"ocean_menu_typo_line_height_tablet":0,"ocean_menu_typo_line_height_mobile":0,"ocean_menu_typo_line_height_unit":"","ocean_menu_typo_spacing":0,"ocean_menu_typo_spacing_tablet":0,"ocean_menu_typo_spacing_mobile":0,"ocean_menu_typo_spacing_unit":"","ocean_menu_link_color":"","ocean_menu_link_color_hover":"","ocean_menu_link_color_active":"","ocean_menu_link_background":"","ocean_menu_link_hover_background":"","ocean_menu_link_active_background":"","ocean_menu_social_links_bg":"","ocean_menu_social_hover_links_bg":"","ocean_menu_social_links_color":"","ocean_menu_social_hover_links_color":"","ocean_disable_title":"default","ocean_disable_heading":"default","ocean_post_title":"","ocean_post_subheading":"","ocean_post_title_style":"","ocean_post_title_background_color":"","ocean_post_title_background":0,"ocean_post_title_bg_image_position":"","ocean_post_title_bg_image_attachment":"","ocean_post_title_bg_image_repeat":"","ocean_post_title_bg_image_size":"","ocean_post_title_height":0,"ocean_post_title_bg_overlay":0.5,"ocean_post_title_bg_overlay_color":"","ocean_disable_breadcrumbs":"default","ocean_breadcrumbs_color":"","ocean_breadcrumbs_separator_color":"","ocean_breadcrumbs_links_color":"","ocean_breadcrumbs_links_hover_color":"","ocean_display_footer_widgets":"default","ocean_display_footer_bottom":"default","ocean_custom_footer_template":"0"},"yoast_head":"<!-- This site is optimized with the Yoast SEO plugin v21.8.1 - https:\/\/yoast.com\/wordpress\/plugins\/seo\/ -->\n<title>Points de vente - Les Jardins de Boscornut<\/title>\n<meta name=\"robots\" content=\"index, follow, max-snippet:-1, max-image-preview:large, max-video-preview:-1\" \/>\n<link rel=\"canonical\" href=\"https:\/\/www.jardins-de-boscornut.com\/index.php\/points-de-vente\/\" \/>\n<meta property=\"og:locale\" content=\"fr_FR\" \/>\n<meta property=\"og:type\" content=\"article\" \/>\n<meta property=\"og:title\" content=\"Points de vente - Les Jardins de Boscornut\" \/>\n<meta property=\"og:description\" content=\"Vente \u00e0 la ferme Toute l&rsquo;ann\u00e9e : Tous les samedis : de 10h \u00e0 12h Possibilit\u00e9 de r\u00e9server votre panier sur Cagette.net : http:\/\/app.cagette.net\/group\/12363 De mi Juillet \u00e0 mi Ao\u00fbt &#8211; Tous les mardis de 10h \u00e0 12h &#8211; Tous les samedis de 10h \u00e0 12h \u00a0\u00a0\u00a0\u00a0\u00a0\u00a0\u00a0 \u00a0 \u00a0 \u00a0 AMAP AMAP de Peyrignac : [&hellip;]\" \/>\n<meta property=\"og:url\" content=\"https:\/\/www.jardins-de-boscornut.com\/index.php\/points-de-vente\/\" \/>\n<meta property=\"og:site_name\" content=\"Les Jardins de Boscornut\" \/>\n<meta property=\"article:modified_time\" content=\"2025-04-08T03:15:29+00:00\" \/>\n<meta property=\"og:image\" content=\"https:\/\/www.jardins-de-boscornut.com\/wp-content\/uploads\/2019\/09\/tomates-kaki.jpg\" \/>\n<meta name=\"twitter:card\" content=\"summary_large_image\" \/>\n<meta name=\"twitter:label1\" content=\"Dur\u00e9e de lecture estim\u00e9e\" \/>\n\t<meta name=\"twitter:data1\" content=\"2 minutes\" \/>\n<script type=\"application\/ld+json\" class=\"yoast-schema-graph\">{\"@context\":\"https:\/\/schema.org\",\"@graph\":[{\"@type\":\"WebPage\",\"@id\":\"https:\/\/www.jardins-de-boscornut.com\/index.php\/points-de-vente\/\",\"url\":\"https:\/\/www.jardins-de-boscornut.com\/index.php\/points-de-vente\/\",\"name\":\"Points de vente - Les Jardins de Boscornut\",\"isPartOf\":{\"@id\":\"https:\/\/www.jardins-de-boscornut.com\/#website\"},\"datePublished\":\"2019-09-26T08:42:35+00:00\",\"dateModified\":\"2025-04-08T03:15:29+00:00\",\"breadcrumb\":{\"@id\":\"https:\/\/www.jardins-de-boscornut.com\/index.php\/points-de-vente\/#breadcrumb\"},\"inLanguage\":\"fr-FR\",\"potentialAction\":[{\"@type\":\"ReadAction\",\"target\":[\"https:\/\/www.jardins-de-boscornut.com\/index.php\/points-de-vente\/\"]}]},{\"@type\":\"BreadcrumbList\",\"@id\":\"https:\/\/www.jardins-de-boscornut.com\/index.php\/points-de-vente\/#breadcrumb\",\"itemListElement\":[{\"@type\":\"ListItem\",\"position\":1,\"name\":\"Accueil\",\"item\":\"https:\/\/www.jardins-de-boscornut.com\/\"},{\"@type\":\"ListItem\",\"position\":2,\"name\":\"Points de vente\"}]},{\"@type\":\"WebSite\",\"@id\":\"https:\/\/www.jardins-de-boscornut.com\/#website\",\"url\":\"https:\/\/www.jardins-de-boscornut.com\/\",\"name\":\"Les Jardins de Boscornut\",\"description\":\"L\u00e9gumes, oeufs et CBD \u00e0 Ste-Orse\",\"publisher\":{\"@id\":\"https:\/\/www.jardins-de-boscornut.com\/#organization\"},\"potentialAction\":[{\"@type\":\"SearchAction\",\"target\":{\"@type\":\"EntryPoint\",\"urlTemplate\":\"https:\/\/www.jardins-de-boscornut.com\/?s={search_term_string}\"},\"query-input\":\"required name=search_term_string\"}],\"inLanguage\":\"fr-FR\"},{\"@type\":\"Organization\",\"@id\":\"https:\/\/www.jardins-de-boscornut.com\/#organization\",\"name\":\"Les Jardins de Boscornut\",\"url\":\"https:\/\/www.jardins-de-boscornut.com\/\",\"logo\":{\"@type\":\"ImageObject\",\"inLanguage\":\"fr-FR\",\"@id\":\"https:\/\/www.jardins-de-boscornut.com\/#\/schema\/logo\/image\/\",\"url\":\"https:\/\/www.jardins-de-boscornut.com\/wp-content\/uploads\/2019\/09\/logo.jpg\",\"contentUrl\":\"https:\/\/www.jardins-de-boscornut.com\/wp-content\/uploads\/2019\/09\/logo.jpg\",\"width\":1500,\"height\":964,\"caption\":\"Les Jardins de Boscornut\"},\"image\":{\"@id\":\"https:\/\/www.jardins-de-boscornut.com\/#\/schema\/logo\/image\/\"}}]}<\/script>\n<!-- \/ Yoast SEO plugin. -->","yoast_head_json":{"title":"Points de vente - Les Jardins de Boscornut","robots":{"index":"index","follow":"follow","max-snippet":"max-snippet:-1","max-image-preview":"max-image-preview:large","max-video-preview":"max-video-preview:-1"},"canonical":"https:\/\/www.jardins-de-boscornut.com\/index.php\/points-de-vente\/","og_locale":"fr_FR","og_type":"article","og_title":"Points de vente - Les Jardins de Boscornut","og_description":"Vente \u00e0 la ferme Toute l&rsquo;ann\u00e9e : Tous les samedis : de 10h \u00e0 12h Possibilit\u00e9 de r\u00e9server votre panier sur Cagette.net : http:\/\/app.cagette.net\/group\/12363 De mi Juillet \u00e0 mi Ao\u00fbt &#8211; Tous les mardis de 10h \u00e0 12h &#8211; Tous les samedis de 10h \u00e0 12h \u00a0\u00a0\u00a0\u00a0\u00a0\u00a0\u00a0 \u00a0 \u00a0 \u00a0 AMAP AMAP de Peyrignac : [&hellip;]","og_url":"https:\/\/www.jardins-de-boscornut.com\/index.php\/points-de-vente\/","og_site_name":"Les Jardins de Boscornut","article_modified_time":"2025-04-08T03:15:29+00:00","og_image":[{"url":"https:\/\/www.jardins-de-boscornut.com\/wp-content\/uploads\/2019\/09\/tomates-kaki.jpg"}],"twitter_card":"summary_large_image","twitter_misc":{"Dur\u00e9e de lecture estim\u00e9e":"2 minutes"},"schema":{"@context":"https:\/\/schema.org","@graph":[{"@type":"WebPage","@id":"https:\/\/www.jardins-de-boscornut.com\/index.php\/points-de-vente\/","url":"https:\/\/www.jardins-de-boscornut.com\/index.php\/points-de-vente\/","name":"Points de vente - Les Jardins de Boscornut","isPartOf":{"@id":"https:\/\/www.jardins-de-boscornut.com\/#website"},"datePublished":"2019-09-26T08:42:35+00:00","dateModified":"2025-04-08T03:15:29+00:00","breadcrumb":{"@id":"https:\/\/www.jardins-de-boscornut.com\/index.php\/points-de-vente\/#breadcrumb"},"inLanguage":"fr-FR","potentialAction":[{"@type":"ReadAction","target":["https:\/\/www.jardins-de-boscornut.com\/index.php\/points-de-vente\/"]}]},{"@type":"BreadcrumbList","@id":"https:\/\/www.jardins-de-boscornut.com\/index.php\/points-de-vente\/#breadcrumb","itemListElement":[{"@type":"ListItem","position":1,"name":"Accueil","item":"https:\/\/www.jardins-de-boscornut.com\/"},{"@type":"ListItem","position":2,"name":"Points de vente"}]},{"@type":"WebSite","@id":"https:\/\/www.jardins-de-boscornut.com\/#website","url":"https:\/\/www.jardins-de-boscornut.com\/","name":"Les Jardins de Boscornut","description":"L\u00e9gumes, oeufs et CBD \u00e0 Ste-Orse","publisher":{"@id":"https:\/\/www.jardins-de-boscornut.com\/#organization"},"potentialAction":[{"@type":"SearchAction","target":{"@type":"EntryPoint","urlTemplate":"https:\/\/www.jardins-de-boscornut.com\/?s={search_term_string}"},"query-input":"required name=search_term_string"}],"inLanguage":"fr-FR"},{"@type":"Organization","@id":"https:\/\/www.jardins-de-boscornut.com\/#organization","name":"Les Jardins de Boscornut","url":"https:\/\/www.jardins-de-boscornut.com\/","logo":{"@type":"ImageObject","inLanguage":"fr-FR","@id":"https:\/\/www.jardins-de-boscornut.com\/#\/schema\/logo\/image\/","url":"https:\/\/www.jardins-de-boscornut.com\/wp-content\/uploads\/2019\/09\/logo.jpg","contentUrl":"https:\/\/www.jardins-de-boscornut.com\/wp-content\/uploads\/2019\/09\/logo.jpg","width":1500,"height":964,"caption":"Les Jardins de Boscornut"},"image":{"@id":"https:\/\/www.jardins-de-boscornut.com\/#\/schema\/logo\/image\/"}}]}},"_links":{"self":[{"href":"https:\/\/www.jardins-de-boscornut.com\/index.php\/wp-json\/wp\/v2\/pages\/86"}],"collection":[{"href":"https:\/\/www.jardins-de-boscornut.com\/index.php\/wp-json\/wp\/v2\/pages"}],"about":[{"href":"https:\/\/www.jardins-de-boscornut.com\/index.php\/wp-json\/wp\/v2\/types\/page"}],"author":[{"embeddable":true,"href":"https:\/\/www.jardins-de-boscornut.com\/index.php\/wp-json\/wp\/v2\/users\/2"}],"replies":[{"embeddable":true,"href":"https:\/\/www.jardins-de-boscornut.com\/index.php\/wp-json\/wp\/v2\/comments?post=86"}],"version-history":[{"count":54,"href":"https:\/\/www.jardins-de-boscornut.com\/index.php\/wp-json\/wp\/v2\/pages\/86\/revisions"}],"predecessor-version":[{"id":651,"href":"https:\/\/www.jardins-de-boscornut.com\/index.php\/wp-json\/wp\/v2\/pages\/86\/revisions\/651"}],"wp:attachment":[{"href":"https:\/\/www.jardins-de-boscornut.com\/index.php\/wp-json\/wp\/v2\/media?parent=86"}],"curies":[{"name":"wp","href":"https:\/\/api.w.org\/{rel}","templated":true}]}}