{"id":631,"date":"2025-04-08T04:54:35","date_gmt":"2025-04-08T02:54:35","guid":{"rendered":"https:\/\/www.jardins-de-boscornut.com\/?page_id=631"},"modified":"2025-08-21T09:44:32","modified_gmt":"2025-08-21T07:44:32","slug":"gite","status":"publish","type":"page","link":"https:\/\/www.jardins-de-boscornut.com\/index.php\/gite\/","title":{"rendered":"gite"},"content":{"rendered":"\t\t<div data-elementor-type=\"wp-page\" data-elementor-id=\"631\" class=\"elementor elementor-631\">\n\t\t\t\t\t\t<section class=\"elementor-section elementor-top-section elementor-element elementor-element-02f1987 elementor-section-boxed elementor-section-height-default elementor-section-height-default\" data-id=\"02f1987\" data-element_type=\"section\">\n\t\t\t\t\t\t<div class=\"elementor-container elementor-column-gap-default\">\n\t\t\t\t\t<div class=\"elementor-column elementor-col-100 elementor-top-column elementor-element elementor-element-d9df490\" data-id=\"d9df490\" data-element_type=\"column\">\n\t\t\t<div class=\"elementor-widget-wrap elementor-element-populated\">\n\t\t\t\t\t\t<section class=\"elementor-section elementor-inner-section elementor-element elementor-element-3c61ccf elementor-section-boxed elementor-section-height-default elementor-section-height-default\" data-id=\"3c61ccf\" data-element_type=\"section\">\n\t\t\t\t\t\t<div class=\"elementor-container elementor-column-gap-default\">\n\t\t\t\t\t<div class=\"elementor-column elementor-col-50 elementor-inner-column elementor-element elementor-element-e985cad\" data-id=\"e985cad\" data-element_type=\"column\">\n\t\t\t<div class=\"elementor-widget-wrap elementor-element-populated\">\n\t\t\t\t\t\t<div class=\"elementor-element elementor-element-51f1970 elementor-widget elementor-widget-text-editor\" data-id=\"51f1970\" data-element_type=\"widget\" data-widget_type=\"text-editor.default\">\n\t\t\t\t<div class=\"elementor-widget-container\">\n\t\t\t\t\t\t\t<p>\u00a0<\/p><p><strong>D\u00e9couvrez notre g\u00eete \u00e0 la ferme !<\/strong><\/p><p>Notre g\u00eete d&rsquo;environ 65m\u00b2 est une ancienne petite maison p\u00e9rigourdine. Il est id\u00e9al pour 4 personnes.\u00a0<\/p><p>Il poss\u00e8de une cuisine toute \u00e9quip\u00e9e, un salon, une salle de bain\/wc et deux chambres (un lit double et deux lits simples, soit 4 couchages. Un cinqui\u00e8me est envisageable sur le canap\u00e9 lit).<\/p><p>A l&rsquo;ext\u00e9rieur, le g\u00eete dispose d&rsquo;une terrasse, d&rsquo;un terrain clos arbor\u00e9 et d&rsquo;un parking.<\/p><p>R\u00e9servation au 06 10 37 15 01.<\/p><p>\u00a0<\/p>\t\t\t\t\t\t<\/div>\n\t\t\t\t<\/div>\n\t\t\t\t\t<\/div>\n\t\t<\/div>\n\t\t\t\t<div class=\"elementor-column elementor-col-50 elementor-inner-column elementor-element elementor-element-14db75d\" data-id=\"14db75d\" data-element_type=\"column\">\n\t\t\t<div class=\"elementor-widget-wrap elementor-element-populated\">\n\t\t\t\t\t\t<div class=\"elementor-element elementor-element-d251340 elementor-widget__width-initial elementor-widget elementor-widget-image\" data-id=\"d251340\" data-element_type=\"widget\" data-widget_type=\"image.default\">\n\t\t\t\t<div class=\"elementor-widget-container\">\n\t\t\t\t\t\t\t\t\t\t\t\t\t<img fetchpriority=\"high\" decoding=\"async\" width=\"1024\" height=\"768\" src=\"https:\/\/www.jardins-de-boscornut.com\/wp-content\/uploads\/2025\/08\/IMG_20250719_215143-1024x768.jpg\" class=\"attachment-large size-large wp-image-706\" alt=\"\" srcset=\"https:\/\/www.jardins-de-boscornut.com\/wp-content\/uploads\/2025\/08\/IMG_20250719_215143-1024x768.jpg 1024w, https:\/\/www.jardins-de-boscornut.com\/wp-content\/uploads\/2025\/08\/IMG_20250719_215143-300x225.jpg 300w, https:\/\/www.jardins-de-boscornut.com\/wp-content\/uploads\/2025\/08\/IMG_20250719_215143-768x576.jpg 768w, https:\/\/www.jardins-de-boscornut.com\/wp-content\/uploads\/2025\/08\/IMG_20250719_215143-1536x1152.jpg 1536w, https:\/\/www.jardins-de-boscornut.com\/wp-content\/uploads\/2025\/08\/IMG_20250719_215143-2048x1536.jpg 2048w\" sizes=\"(max-width: 1024px) 100vw, 1024px\" \/>\t\t\t\t\t\t\t\t\t\t\t\t\t<\/div>\n\t\t\t\t<\/div>\n\t\t\t\t\t<\/div>\n\t\t<\/div>\n\t\t\t\t\t<\/div>\n\t\t<\/section>\n\t\t\t\t\t<\/div>\n\t\t<\/div>\n\t\t\t\t\t<\/div>\n\t\t<\/section>\n\t\t\t\t<section class=\"elementor-section elementor-top-section elementor-element elementor-element-50e2a9a elementor-section-boxed elementor-section-height-default elementor-section-height-default\" data-id=\"50e2a9a\" data-element_type=\"section\">\n\t\t\t\t\t\t<div class=\"elementor-container elementor-column-gap-default\">\n\t\t\t\t\t<div class=\"elementor-column elementor-col-50 elementor-top-column elementor-element elementor-element-776e711\" data-id=\"776e711\" data-element_type=\"column\">\n\t\t\t<div class=\"elementor-widget-wrap elementor-element-populated\">\n\t\t\t\t\t\t<div class=\"elementor-element elementor-element-d0cc77b elementor-widget__width-initial elementor-widget elementor-widget-image\" data-id=\"d0cc77b\" data-element_type=\"widget\" data-widget_type=\"image.default\">\n\t\t\t\t<div class=\"elementor-widget-container\">\n\t\t\t\t\t\t\t\t\t\t\t\t\t<img decoding=\"async\" width=\"1024\" height=\"768\" src=\"https:\/\/www.jardins-de-boscornut.com\/wp-content\/uploads\/2025\/08\/IMG_20250719_180607-1024x768.jpg\" class=\"attachment-large size-large wp-image-709\" alt=\"\" srcset=\"https:\/\/www.jardins-de-boscornut.com\/wp-content\/uploads\/2025\/08\/IMG_20250719_180607-1024x768.jpg 1024w, https:\/\/www.jardins-de-boscornut.com\/wp-content\/uploads\/2025\/08\/IMG_20250719_180607-300x225.jpg 300w, https:\/\/www.jardins-de-boscornut.com\/wp-content\/uploads\/2025\/08\/IMG_20250719_180607-768x576.jpg 768w, https:\/\/www.jardins-de-boscornut.com\/wp-content\/uploads\/2025\/08\/IMG_20250719_180607-1536x1152.jpg 1536w, https:\/\/www.jardins-de-boscornut.com\/wp-content\/uploads\/2025\/08\/IMG_20250719_180607-2048x1536.jpg 2048w\" sizes=\"(max-width: 1024px) 100vw, 1024px\" \/>\t\t\t\t\t\t\t\t\t\t\t\t\t<\/div>\n\t\t\t\t<\/div>\n\t\t\t\t<div class=\"elementor-element elementor-element-dc8867b elementor-widget elementor-widget-image\" data-id=\"dc8867b\" data-element_type=\"widget\" data-widget_type=\"image.default\">\n\t\t\t\t<div class=\"elementor-widget-container\">\n\t\t\t\t\t\t\t\t\t\t\t\t\t<img decoding=\"async\" width=\"1024\" height=\"768\" src=\"https:\/\/www.jardins-de-boscornut.com\/wp-content\/uploads\/2025\/08\/IMG_20250719_180515-1024x768.jpg\" class=\"attachment-large size-large wp-image-708\" alt=\"\" srcset=\"https:\/\/www.jardins-de-boscornut.com\/wp-content\/uploads\/2025\/08\/IMG_20250719_180515-1024x768.jpg 1024w, https:\/\/www.jardins-de-boscornut.com\/wp-content\/uploads\/2025\/08\/IMG_20250719_180515-300x225.jpg 300w, https:\/\/www.jardins-de-boscornut.com\/wp-content\/uploads\/2025\/08\/IMG_20250719_180515-768x576.jpg 768w, https:\/\/www.jardins-de-boscornut.com\/wp-content\/uploads\/2025\/08\/IMG_20250719_180515-1536x1152.jpg 1536w, https:\/\/www.jardins-de-boscornut.com\/wp-content\/uploads\/2025\/08\/IMG_20250719_180515-2048x1536.jpg 2048w\" sizes=\"(max-width: 1024px) 100vw, 1024px\" \/>\t\t\t\t\t\t\t\t\t\t\t\t\t<\/div>\n\t\t\t\t<\/div>\n\t\t\t\t<div class=\"elementor-element elementor-element-1551fde elementor-widget__width-initial elementor-widget elementor-widget-image\" data-id=\"1551fde\" data-element_type=\"widget\" data-widget_type=\"image.default\">\n\t\t\t\t<div class=\"elementor-widget-container\">\n\t\t\t\t\t\t\t\t\t\t\t\t\t<img loading=\"lazy\" decoding=\"async\" width=\"768\" height=\"1024\" src=\"https:\/\/www.jardins-de-boscornut.com\/wp-content\/uploads\/2025\/08\/IMG_20250527_172725-768x1024.jpg\" class=\"attachment-large size-large wp-image-714\" alt=\"\" srcset=\"https:\/\/www.jardins-de-boscornut.com\/wp-content\/uploads\/2025\/08\/IMG_20250527_172725-768x1024.jpg 768w, https:\/\/www.jardins-de-boscornut.com\/wp-content\/uploads\/2025\/08\/IMG_20250527_172725-225x300.jpg 225w, https:\/\/www.jardins-de-boscornut.com\/wp-content\/uploads\/2025\/08\/IMG_20250527_172725-1152x1536.jpg 1152w, https:\/\/www.jardins-de-boscornut.com\/wp-content\/uploads\/2025\/08\/IMG_20250527_172725-1536x2048.jpg 1536w, https:\/\/www.jardins-de-boscornut.com\/wp-content\/uploads\/2025\/08\/IMG_20250527_172725-scaled.jpg 1920w\" sizes=\"(max-width: 768px) 100vw, 768px\" \/>\t\t\t\t\t\t\t\t\t\t\t\t\t<\/div>\n\t\t\t\t<\/div>\n\t\t\t\t\t<\/div>\n\t\t<\/div>\n\t\t\t\t<div class=\"elementor-column elementor-col-50 elementor-top-column elementor-element elementor-element-3b9bd74\" data-id=\"3b9bd74\" data-element_type=\"column\">\n\t\t\t<div class=\"elementor-widget-wrap elementor-element-populated\">\n\t\t\t\t\t\t<div class=\"elementor-element elementor-element-beb1c68 elementor-widget__width-initial elementor-widget elementor-widget-image\" data-id=\"beb1c68\" data-element_type=\"widget\" data-widget_type=\"image.default\">\n\t\t\t\t<div class=\"elementor-widget-container\">\n\t\t\t\t\t\t\t\t\t\t\t\t\t<img loading=\"lazy\" decoding=\"async\" width=\"1024\" height=\"768\" src=\"https:\/\/www.jardins-de-boscornut.com\/wp-content\/uploads\/2025\/08\/IMG_20250719_181444-1024x768.jpg\" class=\"attachment-large size-large wp-image-712\" alt=\"\" srcset=\"https:\/\/www.jardins-de-boscornut.com\/wp-content\/uploads\/2025\/08\/IMG_20250719_181444-1024x768.jpg 1024w, https:\/\/www.jardins-de-boscornut.com\/wp-content\/uploads\/2025\/08\/IMG_20250719_181444-300x225.jpg 300w, https:\/\/www.jardins-de-boscornut.com\/wp-content\/uploads\/2025\/08\/IMG_20250719_181444-768x576.jpg 768w, https:\/\/www.jardins-de-boscornut.com\/wp-content\/uploads\/2025\/08\/IMG_20250719_181444-1536x1152.jpg 1536w, https:\/\/www.jardins-de-boscornut.com\/wp-content\/uploads\/2025\/08\/IMG_20250719_181444-2048x1536.jpg 2048w\" sizes=\"(max-width: 1024px) 100vw, 1024px\" \/>\t\t\t\t\t\t\t\t\t\t\t\t\t<\/div>\n\t\t\t\t<\/div>\n\t\t\t\t<div class=\"elementor-element elementor-element-fe8ee17 elementor-widget__width-initial elementor-widget elementor-widget-image\" data-id=\"fe8ee17\" data-element_type=\"widget\" data-widget_type=\"image.default\">\n\t\t\t\t<div class=\"elementor-widget-container\">\n\t\t\t\t\t\t\t\t\t\t\t\t\t<img loading=\"lazy\" decoding=\"async\" width=\"1024\" height=\"768\" src=\"https:\/\/www.jardins-de-boscornut.com\/wp-content\/uploads\/2025\/08\/IMG_20250527_172958-1024x768.jpg\" class=\"attachment-large size-large wp-image-713\" alt=\"\" srcset=\"https:\/\/www.jardins-de-boscornut.com\/wp-content\/uploads\/2025\/08\/IMG_20250527_172958-1024x768.jpg 1024w, https:\/\/www.jardins-de-boscornut.com\/wp-content\/uploads\/2025\/08\/IMG_20250527_172958-300x225.jpg 300w, https:\/\/www.jardins-de-boscornut.com\/wp-content\/uploads\/2025\/08\/IMG_20250527_172958-768x576.jpg 768w, https:\/\/www.jardins-de-boscornut.com\/wp-content\/uploads\/2025\/08\/IMG_20250527_172958-1536x1152.jpg 1536w, https:\/\/www.jardins-de-boscornut.com\/wp-content\/uploads\/2025\/08\/IMG_20250527_172958-2048x1536.jpg 2048w\" sizes=\"(max-width: 1024px) 100vw, 1024px\" \/>\t\t\t\t\t\t\t\t\t\t\t\t\t<\/div>\n\t\t\t\t<\/div>\n\t\t\t\t<div class=\"elementor-element elementor-element-40f4fdb elementor-widget__width-initial elementor-widget elementor-widget-image\" data-id=\"40f4fdb\" data-element_type=\"widget\" data-widget_type=\"image.default\">\n\t\t\t\t<div class=\"elementor-widget-container\">\n\t\t\t\t\t\t\t\t\t\t\t\t\t<img loading=\"lazy\" decoding=\"async\" width=\"768\" height=\"1024\" src=\"https:\/\/www.jardins-de-boscornut.com\/wp-content\/uploads\/2025\/08\/IMG_20250719_181631-768x1024.jpg\" class=\"attachment-large size-large wp-image-702\" alt=\"\" srcset=\"https:\/\/www.jardins-de-boscornut.com\/wp-content\/uploads\/2025\/08\/IMG_20250719_181631-768x1024.jpg 768w, https:\/\/www.jardins-de-boscornut.com\/wp-content\/uploads\/2025\/08\/IMG_20250719_181631-225x300.jpg 225w, https:\/\/www.jardins-de-boscornut.com\/wp-content\/uploads\/2025\/08\/IMG_20250719_181631-1152x1536.jpg 1152w, https:\/\/www.jardins-de-boscornut.com\/wp-content\/uploads\/2025\/08\/IMG_20250719_181631-1536x2048.jpg 1536w, https:\/\/www.jardins-de-boscornut.com\/wp-content\/uploads\/2025\/08\/IMG_20250719_181631-scaled.jpg 1920w\" sizes=\"(max-width: 768px) 100vw, 768px\" \/>\t\t\t\t\t\t\t\t\t\t\t\t\t<\/div>\n\t\t\t\t<\/div>\n\t\t\t\t<div class=\"elementor-element elementor-element-0ea2b0d elementor-widget__width-initial elementor-widget elementor-widget-image\" data-id=\"0ea2b0d\" data-element_type=\"widget\" data-widget_type=\"image.default\">\n\t\t\t\t<div class=\"elementor-widget-container\">\n\t\t\t\t\t\t\t\t\t\t\t\t\t<img loading=\"lazy\" decoding=\"async\" width=\"1024\" height=\"768\" src=\"https:\/\/www.jardins-de-boscornut.com\/wp-content\/uploads\/2025\/08\/IMG_20250719_181204-1024x768.jpg\" class=\"attachment-large size-large wp-image-710\" alt=\"\" srcset=\"https:\/\/www.jardins-de-boscornut.com\/wp-content\/uploads\/2025\/08\/IMG_20250719_181204-1024x768.jpg 1024w, https:\/\/www.jardins-de-boscornut.com\/wp-content\/uploads\/2025\/08\/IMG_20250719_181204-300x225.jpg 300w, https:\/\/www.jardins-de-boscornut.com\/wp-content\/uploads\/2025\/08\/IMG_20250719_181204-768x576.jpg 768w, https:\/\/www.jardins-de-boscornut.com\/wp-content\/uploads\/2025\/08\/IMG_20250719_181204-1536x1152.jpg 1536w, https:\/\/www.jardins-de-boscornut.com\/wp-content\/uploads\/2025\/08\/IMG_20250719_181204-2048x1536.jpg 2048w\" sizes=\"(max-width: 1024px) 100vw, 1024px\" \/>\t\t\t\t\t\t\t\t\t\t\t\t\t<\/div>\n\t\t\t\t<\/div>\n\t\t\t\t\t<\/div>\n\t\t<\/div>\n\t\t\t\t\t<\/div>\n\t\t<\/section>\n\t\t\t\t<\/div>\n\t\t","protected":false},"excerpt":{"rendered":"<p>\u00a0 D\u00e9couvrez notre g\u00eete \u00e0 la ferme ! Notre g\u00eete d&rsquo;environ 65m\u00b2 est une ancienne petite maison p\u00e9rigourdine. Il est id\u00e9al pour 4 personnes.\u00a0 Il poss\u00e8de une cuisine toute \u00e9quip\u00e9e, un salon, une salle de bain\/wc et deux chambres (un lit double et deux lits simples, soit 4 couchages. Un cinqui\u00e8me est envisageable sur le [&hellip;]<\/p>\n","protected":false},"author":3,"featured_media":0,"parent":0,"menu_order":0,"comment_status":"closed","ping_status":"closed","template":"","meta":{"ocean_post_layout":"","ocean_both_sidebars_style":"","ocean_both_sidebars_content_width":0,"ocean_both_sidebars_sidebars_width":0,"ocean_sidebar":"0","ocean_second_sidebar":"0","ocean_disable_margins":"enable","ocean_add_body_class":"","ocean_shortcode_before_top_bar":"","ocean_shortcode_after_top_bar":"","ocean_shortcode_before_header":"","ocean_shortcode_after_header":"","ocean_has_shortcode":"","ocean_shortcode_after_title":"","ocean_shortcode_before_footer_widgets":"","ocean_shortcode_after_footer_widgets":"","ocean_shortcode_before_footer_bottom":"","ocean_shortcode_after_footer_bottom":"","ocean_display_top_bar":"default","ocean_display_header":"default","ocean_header_style":"","ocean_center_header_left_menu":"0","ocean_custom_header_template":"0","ocean_custom_logo":0,"ocean_custom_retina_logo":0,"ocean_custom_logo_max_width":0,"ocean_custom_logo_tablet_max_width":0,"ocean_custom_logo_mobile_max_width":0,"ocean_custom_logo_max_height":0,"ocean_custom_logo_tablet_max_height":0,"ocean_custom_logo_mobile_max_height":0,"ocean_header_custom_menu":"0","ocean_menu_typo_font_family":"0","ocean_menu_typo_font_subset":"","ocean_menu_typo_font_size":0,"ocean_menu_typo_font_size_tablet":0,"ocean_menu_typo_font_size_mobile":0,"ocean_menu_typo_font_size_unit":"px","ocean_menu_typo_font_weight":"","ocean_menu_typo_font_weight_tablet":"","ocean_menu_typo_font_weight_mobile":"","ocean_menu_typo_transform":"","ocean_menu_typo_transform_tablet":"","ocean_menu_typo_transform_mobile":"","ocean_menu_typo_line_height":0,"ocean_menu_typo_line_height_tablet":0,"ocean_menu_typo_line_height_mobile":0,"ocean_menu_typo_line_height_unit":"","ocean_menu_typo_spacing":0,"ocean_menu_typo_spacing_tablet":0,"ocean_menu_typo_spacing_mobile":0,"ocean_menu_typo_spacing_unit":"","ocean_menu_link_color":"","ocean_menu_link_color_hover":"","ocean_menu_link_color_active":"","ocean_menu_link_background":"","ocean_menu_link_hover_background":"","ocean_menu_link_active_background":"","ocean_menu_social_links_bg":"","ocean_menu_social_hover_links_bg":"","ocean_menu_social_links_color":"","ocean_menu_social_hover_links_color":"","ocean_disable_title":"default","ocean_disable_heading":"default","ocean_post_title":"","ocean_post_subheading":"","ocean_post_title_style":"","ocean_post_title_background_color":"","ocean_post_title_background":0,"ocean_post_title_bg_image_position":"","ocean_post_title_bg_image_attachment":"","ocean_post_title_bg_image_repeat":"","ocean_post_title_bg_image_size":"","ocean_post_title_height":0,"ocean_post_title_bg_overlay":0.5,"ocean_post_title_bg_overlay_color":"","ocean_disable_breadcrumbs":"default","ocean_breadcrumbs_color":"","ocean_breadcrumbs_separator_color":"","ocean_breadcrumbs_links_color":"","ocean_breadcrumbs_links_hover_color":"","ocean_display_footer_widgets":"default","ocean_display_footer_bottom":"default","ocean_custom_footer_template":"0"},"yoast_head":"<!-- This site is optimized with the Yoast SEO plugin v21.8.1 - https:\/\/yoast.com\/wordpress\/plugins\/seo\/ -->\n<title>gite - Les Jardins de Boscornut<\/title>\n<meta name=\"robots\" content=\"index, follow, max-snippet:-1, max-image-preview:large, max-video-preview:-1\" \/>\n<link rel=\"canonical\" href=\"https:\/\/www.jardins-de-boscornut.com\/index.php\/gite\/\" \/>\n<meta property=\"og:locale\" content=\"fr_FR\" \/>\n<meta property=\"og:type\" content=\"article\" \/>\n<meta property=\"og:title\" content=\"gite - Les Jardins de Boscornut\" \/>\n<meta property=\"og:description\" content=\"\u00a0 D\u00e9couvrez notre g\u00eete \u00e0 la ferme ! Notre g\u00eete d&rsquo;environ 65m\u00b2 est une ancienne petite maison p\u00e9rigourdine. Il est id\u00e9al pour 4 personnes.\u00a0 Il poss\u00e8de une cuisine toute \u00e9quip\u00e9e, un salon, une salle de bain\/wc et deux chambres (un lit double et deux lits simples, soit 4 couchages. Un cinqui\u00e8me est envisageable sur le [&hellip;]\" \/>\n<meta property=\"og:url\" content=\"https:\/\/www.jardins-de-boscornut.com\/index.php\/gite\/\" \/>\n<meta property=\"og:site_name\" content=\"Les Jardins de Boscornut\" \/>\n<meta property=\"article:modified_time\" content=\"2025-08-21T07:44:32+00:00\" \/>\n<meta property=\"og:image\" content=\"https:\/\/www.jardins-de-boscornut.com\/wp-content\/uploads\/2025\/08\/IMG_20250719_215143-1024x768.jpg\" \/>\n<meta name=\"twitter:card\" content=\"summary_large_image\" \/>\n<meta name=\"twitter:label1\" content=\"Dur\u00e9e de lecture estim\u00e9e\" \/>\n\t<meta name=\"twitter:data1\" content=\"2 minutes\" \/>\n<script type=\"application\/ld+json\" class=\"yoast-schema-graph\">{\"@context\":\"https:\/\/schema.org\",\"@graph\":[{\"@type\":\"WebPage\",\"@id\":\"https:\/\/www.jardins-de-boscornut.com\/index.php\/gite\/\",\"url\":\"https:\/\/www.jardins-de-boscornut.com\/index.php\/gite\/\",\"name\":\"gite - Les Jardins de Boscornut\",\"isPartOf\":{\"@id\":\"https:\/\/www.jardins-de-boscornut.com\/#website\"},\"datePublished\":\"2025-04-08T02:54:35+00:00\",\"dateModified\":\"2025-08-21T07:44:32+00:00\",\"breadcrumb\":{\"@id\":\"https:\/\/www.jardins-de-boscornut.com\/index.php\/gite\/#breadcrumb\"},\"inLanguage\":\"fr-FR\",\"potentialAction\":[{\"@type\":\"ReadAction\",\"target\":[\"https:\/\/www.jardins-de-boscornut.com\/index.php\/gite\/\"]}]},{\"@type\":\"BreadcrumbList\",\"@id\":\"https:\/\/www.jardins-de-boscornut.com\/index.php\/gite\/#breadcrumb\",\"itemListElement\":[{\"@type\":\"ListItem\",\"position\":1,\"name\":\"Accueil\",\"item\":\"https:\/\/www.jardins-de-boscornut.com\/\"},{\"@type\":\"ListItem\",\"position\":2,\"name\":\"gite\"}]},{\"@type\":\"WebSite\",\"@id\":\"https:\/\/www.jardins-de-boscornut.com\/#website\",\"url\":\"https:\/\/www.jardins-de-boscornut.com\/\",\"name\":\"Les Jardins de Boscornut\",\"description\":\"L\u00e9gumes, oeufs et CBD \u00e0 Ste-Orse\",\"publisher\":{\"@id\":\"https:\/\/www.jardins-de-boscornut.com\/#organization\"},\"potentialAction\":[{\"@type\":\"SearchAction\",\"target\":{\"@type\":\"EntryPoint\",\"urlTemplate\":\"https:\/\/www.jardins-de-boscornut.com\/?s={search_term_string}\"},\"query-input\":\"required name=search_term_string\"}],\"inLanguage\":\"fr-FR\"},{\"@type\":\"Organization\",\"@id\":\"https:\/\/www.jardins-de-boscornut.com\/#organization\",\"name\":\"Les Jardins de Boscornut\",\"url\":\"https:\/\/www.jardins-de-boscornut.com\/\",\"logo\":{\"@type\":\"ImageObject\",\"inLanguage\":\"fr-FR\",\"@id\":\"https:\/\/www.jardins-de-boscornut.com\/#\/schema\/logo\/image\/\",\"url\":\"https:\/\/www.jardins-de-boscornut.com\/wp-content\/uploads\/2019\/09\/logo.jpg\",\"contentUrl\":\"https:\/\/www.jardins-de-boscornut.com\/wp-content\/uploads\/2019\/09\/logo.jpg\",\"width\":1500,\"height\":964,\"caption\":\"Les Jardins de Boscornut\"},\"image\":{\"@id\":\"https:\/\/www.jardins-de-boscornut.com\/#\/schema\/logo\/image\/\"}}]}<\/script>\n<!-- \/ Yoast SEO plugin. -->","yoast_head_json":{"title":"gite - Les Jardins de Boscornut","robots":{"index":"index","follow":"follow","max-snippet":"max-snippet:-1","max-image-preview":"max-image-preview:large","max-video-preview":"max-video-preview:-1"},"canonical":"https:\/\/www.jardins-de-boscornut.com\/index.php\/gite\/","og_locale":"fr_FR","og_type":"article","og_title":"gite - Les Jardins de Boscornut","og_description":"\u00a0 D\u00e9couvrez notre g\u00eete \u00e0 la ferme ! Notre g\u00eete d&rsquo;environ 65m\u00b2 est une ancienne petite maison p\u00e9rigourdine. Il est id\u00e9al pour 4 personnes.\u00a0 Il poss\u00e8de une cuisine toute \u00e9quip\u00e9e, un salon, une salle de bain\/wc et deux chambres (un lit double et deux lits simples, soit 4 couchages. Un cinqui\u00e8me est envisageable sur le [&hellip;]","og_url":"https:\/\/www.jardins-de-boscornut.com\/index.php\/gite\/","og_site_name":"Les Jardins de Boscornut","article_modified_time":"2025-08-21T07:44:32+00:00","og_image":[{"url":"https:\/\/www.jardins-de-boscornut.com\/wp-content\/uploads\/2025\/08\/IMG_20250719_215143-1024x768.jpg"}],"twitter_card":"summary_large_image","twitter_misc":{"Dur\u00e9e de lecture estim\u00e9e":"2 minutes"},"schema":{"@context":"https:\/\/schema.org","@graph":[{"@type":"WebPage","@id":"https:\/\/www.jardins-de-boscornut.com\/index.php\/gite\/","url":"https:\/\/www.jardins-de-boscornut.com\/index.php\/gite\/","name":"gite - Les Jardins de Boscornut","isPartOf":{"@id":"https:\/\/www.jardins-de-boscornut.com\/#website"},"datePublished":"2025-04-08T02:54:35+00:00","dateModified":"2025-08-21T07:44:32+00:00","breadcrumb":{"@id":"https:\/\/www.jardins-de-boscornut.com\/index.php\/gite\/#breadcrumb"},"inLanguage":"fr-FR","potentialAction":[{"@type":"ReadAction","target":["https:\/\/www.jardins-de-boscornut.com\/index.php\/gite\/"]}]},{"@type":"BreadcrumbList","@id":"https:\/\/www.jardins-de-boscornut.com\/index.php\/gite\/#breadcrumb","itemListElement":[{"@type":"ListItem","position":1,"name":"Accueil","item":"https:\/\/www.jardins-de-boscornut.com\/"},{"@type":"ListItem","position":2,"name":"gite"}]},{"@type":"WebSite","@id":"https:\/\/www.jardins-de-boscornut.com\/#website","url":"https:\/\/www.jardins-de-boscornut.com\/","name":"Les Jardins de Boscornut","description":"L\u00e9gumes, oeufs et CBD \u00e0 Ste-Orse","publisher":{"@id":"https:\/\/www.jardins-de-boscornut.com\/#organization"},"potentialAction":[{"@type":"SearchAction","target":{"@type":"EntryPoint","urlTemplate":"https:\/\/www.jardins-de-boscornut.com\/?s={search_term_string}"},"query-input":"required name=search_term_string"}],"inLanguage":"fr-FR"},{"@type":"Organization","@id":"https:\/\/www.jardins-de-boscornut.com\/#organization","name":"Les Jardins de Boscornut","url":"https:\/\/www.jardins-de-boscornut.com\/","logo":{"@type":"ImageObject","inLanguage":"fr-FR","@id":"https:\/\/www.jardins-de-boscornut.com\/#\/schema\/logo\/image\/","url":"https:\/\/www.jardins-de-boscornut.com\/wp-content\/uploads\/2019\/09\/logo.jpg","contentUrl":"https:\/\/www.jardins-de-boscornut.com\/wp-content\/uploads\/2019\/09\/logo.jpg","width":1500,"height":964,"caption":"Les Jardins de Boscornut"},"image":{"@id":"https:\/\/www.jardins-de-boscornut.com\/#\/schema\/logo\/image\/"}}]}},"_links":{"self":[{"href":"https:\/\/www.jardins-de-boscornut.com\/index.php\/wp-json\/wp\/v2\/pages\/631"}],"collection":[{"href":"https:\/\/www.jardins-de-boscornut.com\/index.php\/wp-json\/wp\/v2\/pages"}],"about":[{"href":"https:\/\/www.jardins-de-boscornut.com\/index.php\/wp-json\/wp\/v2\/types\/page"}],"author":[{"embeddable":true,"href":"https:\/\/www.jardins-de-boscornut.com\/index.php\/wp-json\/wp\/v2\/users\/3"}],"replies":[{"embeddable":true,"href":"https:\/\/www.jardins-de-boscornut.com\/index.php\/wp-json\/wp\/v2\/comments?post=631"}],"version-history":[{"count":6,"href":"https:\/\/www.jardins-de-boscornut.com\/index.php\/wp-json\/wp\/v2\/pages\/631\/revisions"}],"predecessor-version":[{"id":718,"href":"https:\/\/www.jardins-de-boscornut.com\/index.php\/wp-json\/wp\/v2\/pages\/631\/revisions\/718"}],"wp:attachment":[{"href":"https:\/\/www.jardins-de-boscornut.com\/index.php\/wp-json\/wp\/v2\/media?parent=631"}],"curies":[{"name":"wp","href":"https:\/\/api.w.org\/{rel}","templated":true}]}}