{"id":119,"date":"2019-09-26T12:14:03","date_gmt":"2019-09-26T10:14:03","guid":{"rendered":"http:\/\/jardinsdxa.cluster023.hosting.ovh.net\/?page_id=119"},"modified":"2025-04-08T07:20:27","modified_gmt":"2025-04-08T05:20:27","slug":"oeufs","status":"publish","type":"page","link":"https:\/\/www.jardins-de-boscornut.com\/index.php\/produits\/oeufs\/","title":{"rendered":"Oeufs"},"content":{"rendered":"\t\t<div data-elementor-type=\"wp-page\" data-elementor-id=\"119\" class=\"elementor elementor-119\">\n\t\t\t\t\t\t<section class=\"elementor-section elementor-top-section elementor-element elementor-element-16ba28c elementor-section-boxed elementor-section-height-default elementor-section-height-default\" data-id=\"16ba28c\" data-element_type=\"section\">\n\t\t\t\t\t\t<div class=\"elementor-container elementor-column-gap-default\">\n\t\t\t\t\t<div class=\"elementor-column elementor-col-33 elementor-top-column elementor-element elementor-element-0d58adb\" data-id=\"0d58adb\" data-element_type=\"column\">\n\t\t\t<div class=\"elementor-widget-wrap elementor-element-populated\">\n\t\t\t\t\t\t<div class=\"elementor-element elementor-element-84975fd elementor-widget__width-initial elementor-widget elementor-widget-image\" data-id=\"84975fd\" data-element_type=\"widget\" data-widget_type=\"image.default\">\n\t\t\t\t<div class=\"elementor-widget-container\">\n\t\t\t\t\t\t\t\t\t\t\t\t\t<img fetchpriority=\"high\" decoding=\"async\" width=\"1024\" height=\"768\" src=\"https:\/\/www.jardins-de-boscornut.com\/wp-content\/uploads\/2025\/04\/oeufs_web1-1024x768.jpg\" class=\"attachment-large size-large wp-image-693\" alt=\"\" srcset=\"https:\/\/www.jardins-de-boscornut.com\/wp-content\/uploads\/2025\/04\/oeufs_web1-1024x768.jpg 1024w, https:\/\/www.jardins-de-boscornut.com\/wp-content\/uploads\/2025\/04\/oeufs_web1-300x225.jpg 300w, https:\/\/www.jardins-de-boscornut.com\/wp-content\/uploads\/2025\/04\/oeufs_web1-768x576.jpg 768w, https:\/\/www.jardins-de-boscornut.com\/wp-content\/uploads\/2025\/04\/oeufs_web1-1536x1152.jpg 1536w, https:\/\/www.jardins-de-boscornut.com\/wp-content\/uploads\/2025\/04\/oeufs_web1.jpg 2000w\" sizes=\"(max-width: 1024px) 100vw, 1024px\" \/>\t\t\t\t\t\t\t\t\t\t\t\t\t<\/div>\n\t\t\t\t<\/div>\n\t\t\t\t<div class=\"elementor-element elementor-element-7f34b87 elementor-widget__width-initial elementor-widget elementor-widget-image\" data-id=\"7f34b87\" data-element_type=\"widget\" data-widget_type=\"image.default\">\n\t\t\t\t<div class=\"elementor-widget-container\">\n\t\t\t\t\t\t\t\t\t\t\t\t\t<img decoding=\"async\" width=\"1024\" height=\"541\" src=\"https:\/\/www.jardins-de-boscornut.com\/wp-content\/uploads\/2025\/04\/oeufs_web2-1024x541.jpg\" class=\"attachment-large size-large wp-image-690\" alt=\"\" srcset=\"https:\/\/www.jardins-de-boscornut.com\/wp-content\/uploads\/2025\/04\/oeufs_web2-1024x541.jpg 1024w, https:\/\/www.jardins-de-boscornut.com\/wp-content\/uploads\/2025\/04\/oeufs_web2-300x158.jpg 300w, https:\/\/www.jardins-de-boscornut.com\/wp-content\/uploads\/2025\/04\/oeufs_web2-768x406.jpg 768w, https:\/\/www.jardins-de-boscornut.com\/wp-content\/uploads\/2025\/04\/oeufs_web2.jpg 1089w\" sizes=\"(max-width: 1024px) 100vw, 1024px\" \/>\t\t\t\t\t\t\t\t\t\t\t\t\t<\/div>\n\t\t\t\t<\/div>\n\t\t\t\t\t<\/div>\n\t\t<\/div>\n\t\t\t\t<div class=\"elementor-column elementor-col-33 elementor-top-column elementor-element elementor-element-3ab3ae7\" data-id=\"3ab3ae7\" data-element_type=\"column\">\n\t\t\t<div class=\"elementor-widget-wrap elementor-element-populated\">\n\t\t\t\t\t\t<section class=\"elementor-section elementor-inner-section elementor-element elementor-element-4b91e1b elementor-section-content-middle elementor-section-boxed elementor-section-height-default elementor-section-height-default\" data-id=\"4b91e1b\" data-element_type=\"section\">\n\t\t\t\t\t\t<div class=\"elementor-container elementor-column-gap-default\">\n\t\t\t\t\t<div class=\"elementor-column elementor-col-50 elementor-inner-column elementor-element elementor-element-a4291ac\" data-id=\"a4291ac\" data-element_type=\"column\" data-settings=\"{&quot;background_background&quot;:&quot;classic&quot;}\">\n\t\t\t<div class=\"elementor-widget-wrap elementor-element-populated\">\n\t\t\t\t\t\t<div class=\"elementor-element elementor-element-aff9b46 elementor-widget elementor-widget-text-editor\" data-id=\"aff9b46\" data-element_type=\"widget\" data-widget_type=\"text-editor.default\">\n\t\t\t\t<div class=\"elementor-widget-container\">\n\t\t\t\t\t\t\t<p class=\"font_6\"><span class=\"color_11\">Nos poules pondeuses sont \u00e9lev\u00e9es en Agriculture Biologique.\u00a0<\/span><\/p><p class=\"font_6\"><span class=\"color_11\">Elles disposent d&rsquo;un grand terrain enherb\u00e9 et ombrag\u00e9 pour p\u00e2turer.<\/span><\/p>\t\t\t\t\t\t<\/div>\n\t\t\t\t<\/div>\n\t\t\t\t\t<\/div>\n\t\t<\/div>\n\t\t\t\t<div class=\"elementor-column elementor-col-50 elementor-inner-column elementor-element elementor-element-36aaa4d\" data-id=\"36aaa4d\" data-element_type=\"column\" data-settings=\"{&quot;background_background&quot;:&quot;classic&quot;}\">\n\t\t\t<div class=\"elementor-widget-wrap elementor-element-populated\">\n\t\t\t\t\t\t<div class=\"elementor-element elementor-element-946ab1f elementor-widget__width-initial elementor-widget elementor-widget-image\" data-id=\"946ab1f\" data-element_type=\"widget\" data-widget_type=\"image.default\">\n\t\t\t\t<div class=\"elementor-widget-container\">\n\t\t\t\t\t\t\t\t\t\t\t\t\t<img decoding=\"async\" src=\"https:\/\/www.jardins-de-boscornut.com\/wp-content\/uploads\/elementor\/thumbs\/ab-hd-p33a8zqmrl70iu72dm2xs5q6tgq7rkvmwfpvtw1k3k.jpg\" title=\"AB_HD\" alt=\"AB_HD\" loading=\"lazy\" \/>\t\t\t\t\t\t\t\t\t\t\t\t\t<\/div>\n\t\t\t\t<\/div>\n\t\t\t\t\t<\/div>\n\t\t<\/div>\n\t\t\t\t\t<\/div>\n\t\t<\/section>\n\t\t\t\t<section class=\"elementor-section elementor-inner-section elementor-element elementor-element-7787edc elementor-section-content-middle elementor-section-boxed elementor-section-height-default elementor-section-height-default\" data-id=\"7787edc\" data-element_type=\"section\">\n\t\t\t\t\t\t<div class=\"elementor-container elementor-column-gap-default\">\n\t\t\t\t\t<div class=\"elementor-column elementor-col-50 elementor-inner-column elementor-element elementor-element-f828fcb\" data-id=\"f828fcb\" data-element_type=\"column\" data-settings=\"{&quot;background_background&quot;:&quot;classic&quot;}\">\n\t\t\t<div class=\"elementor-widget-wrap elementor-element-populated\">\n\t\t\t\t\t\t<div class=\"elementor-element elementor-element-8bda44f elementor-widget elementor-widget-text-editor\" data-id=\"8bda44f\" data-element_type=\"widget\" data-widget_type=\"text-editor.default\">\n\t\t\t\t<div class=\"elementor-widget-container\">\n\t\t\t\t\t\t\t<div id=\"comp-jbuvr4t6\" class=\"txtNew\" data-packed=\"false\" data-min-height=\"109\"><p class=\"font_6\"><span class=\"color_11\">Nos pondeuses sont nourries avec les c\u00e9r\u00e9ales biologiques du <span style=\"text-decoration: underline;\"><a class=\"\" href=\"https:\/\/www.moulin-beynel.fr\/aliments-bio\" target=\"_blank\" rel=\"noopener undefined\" data-content=\"https:\/\/www.moulin-beynel.fr\/aliments-bio\" data-type=\"external\"><span style=\"color: #ffffff;\">Moulin Beynel<\/span><\/a><\/span> en Corr\u00e8ze.<\/span><\/p><\/div>\t\t\t\t\t\t<\/div>\n\t\t\t\t<\/div>\n\t\t\t\t\t<\/div>\n\t\t<\/div>\n\t\t\t\t<div class=\"elementor-column elementor-col-50 elementor-inner-column elementor-element elementor-element-ed2a554\" data-id=\"ed2a554\" data-element_type=\"column\" data-settings=\"{&quot;background_background&quot;:&quot;classic&quot;}\">\n\t\t\t<div class=\"elementor-widget-wrap elementor-element-populated\">\n\t\t\t\t\t\t<div class=\"elementor-element elementor-element-da9a404 elementor-widget__width-initial elementor-widget elementor-widget-image\" data-id=\"da9a404\" data-element_type=\"widget\" data-widget_type=\"image.default\">\n\t\t\t\t<div class=\"elementor-widget-container\">\n\t\t\t\t\t\t\t\t\t\t\t\t\t<img decoding=\"async\" src=\"https:\/\/www.jardins-de-boscornut.com\/wp-content\/uploads\/elementor\/thumbs\/logo-beynel-jpg-p33a8gxuywha2mydfdyeeagyxravhmt05uo68ctfk0.jpg\" title=\"logo beynel jpg\" alt=\"logo beynel jpg\" loading=\"lazy\" \/>\t\t\t\t\t\t\t\t\t\t\t\t\t<\/div>\n\t\t\t\t<\/div>\n\t\t\t\t\t<\/div>\n\t\t<\/div>\n\t\t\t\t\t<\/div>\n\t\t<\/section>\n\t\t\t\t\t<\/div>\n\t\t<\/div>\n\t\t\t\t<div class=\"elementor-column elementor-col-33 elementor-top-column elementor-element elementor-element-eb02f3e\" data-id=\"eb02f3e\" data-element_type=\"column\" data-settings=\"{&quot;background_background&quot;:&quot;classic&quot;}\">\n\t\t\t<div class=\"elementor-widget-wrap elementor-element-populated\">\n\t\t\t\t\t\t<div class=\"elementor-element elementor-element-be4dc96 elementor-widget__width-initial elementor-widget elementor-widget-image\" data-id=\"be4dc96\" data-element_type=\"widget\" data-widget_type=\"image.default\">\n\t\t\t\t<div class=\"elementor-widget-container\">\n\t\t\t\t\t\t\t\t\t\t\t\t\t<img decoding=\"async\" width=\"696\" height=\"912\" src=\"https:\/\/www.jardins-de-boscornut.com\/wp-content\/uploads\/2025\/04\/oeufs.png\" class=\"attachment-large size-large wp-image-692\" alt=\"\" srcset=\"https:\/\/www.jardins-de-boscornut.com\/wp-content\/uploads\/2025\/04\/oeufs.png 696w, https:\/\/www.jardins-de-boscornut.com\/wp-content\/uploads\/2025\/04\/oeufs-229x300.png 229w\" sizes=\"(max-width: 696px) 100vw, 696px\" \/>\t\t\t\t\t\t\t\t\t\t\t\t\t<\/div>\n\t\t\t\t<\/div>\n\t\t\t\t<div class=\"elementor-element elementor-element-4f7bfe4 elementor-widget__width-initial elementor-widget elementor-widget-eael-creative-button\" data-id=\"4f7bfe4\" data-element_type=\"widget\" data-widget_type=\"eael-creative-button.default\">\n\t\t\t\t<div class=\"elementor-widget-container\">\n\t\t\t        <div class=\"eael-creative-button-wrapper\">\n\n            <a class=\"eael-creative-button eael-creative-button--winona eael-cb-icon-position-\" href=\"https:\/\/www.jardins-de-boscornut.com\/index.php\/points-de-vente\/\" data-text=\"Consultez nos points de vente\">\n            \t    \n                <div class=\"creative-button-inner\">\n\n                    \n                    <span class=\"cretive-button-text\">O\u00f9 acheter nos oeufs ?<\/span>\n\n                                    <\/div>\n\t                        <\/a>\n        <\/div>\n        \t\t<\/div>\n\t\t\t\t<\/div>\n\t\t\t\t\t<\/div>\n\t\t<\/div>\n\t\t\t\t\t<\/div>\n\t\t<\/section>\n\t\t\t\t<section class=\"elementor-section elementor-top-section elementor-element elementor-element-cb0ba8d elementor-section-boxed elementor-section-height-default elementor-section-height-default\" data-id=\"cb0ba8d\" data-element_type=\"section\">\n\t\t\t\t\t\t<div class=\"elementor-container elementor-column-gap-default\">\n\t\t\t\t\t<div class=\"elementor-column elementor-col-50 elementor-top-column elementor-element elementor-element-fe2f92f\" data-id=\"fe2f92f\" data-element_type=\"column\">\n\t\t\t<div class=\"elementor-widget-wrap\">\n\t\t\t\t\t\t\t<\/div>\n\t\t<\/div>\n\t\t\t\t<div class=\"elementor-column elementor-col-50 elementor-top-column elementor-element elementor-element-849376c\" data-id=\"849376c\" data-element_type=\"column\">\n\t\t\t<div class=\"elementor-widget-wrap\">\n\t\t\t\t\t\t\t<\/div>\n\t\t<\/div>\n\t\t\t\t\t<\/div>\n\t\t<\/section>\n\t\t\t\t<section class=\"elementor-section elementor-top-section elementor-element elementor-element-22a4a95 elementor-section-boxed elementor-section-height-default elementor-section-height-default\" data-id=\"22a4a95\" data-element_type=\"section\">\n\t\t\t\t\t\t<div class=\"elementor-container elementor-column-gap-default\">\n\t\t\t\t\t<div class=\"elementor-column elementor-col-100 elementor-top-column elementor-element elementor-element-c8115c3\" data-id=\"c8115c3\" data-element_type=\"column\">\n\t\t\t<div class=\"elementor-widget-wrap\">\n\t\t\t\t\t\t\t<\/div>\n\t\t<\/div>\n\t\t\t\t\t<\/div>\n\t\t<\/section>\n\t\t\t\t<\/div>\n\t\t","protected":false},"excerpt":{"rendered":"<p>Nos poules pondeuses sont \u00e9lev\u00e9es en Agriculture Biologique.\u00a0 Elles disposent d&rsquo;un grand terrain enherb\u00e9 et ombrag\u00e9 pour p\u00e2turer. Nos pondeuses sont nourries avec les c\u00e9r\u00e9ales biologiques du Moulin Beynel en Corr\u00e8ze. O\u00f9 acheter nos oeufs ?<\/p>\n","protected":false},"author":2,"featured_media":0,"parent":65,"menu_order":0,"comment_status":"closed","ping_status":"closed","template":"","meta":{"ocean_post_layout":"","ocean_both_sidebars_style":"","ocean_both_sidebars_content_width":0,"ocean_both_sidebars_sidebars_width":0,"ocean_sidebar":"0","ocean_second_sidebar":"0","ocean_disable_margins":"enable","ocean_add_body_class":"","ocean_shortcode_before_top_bar":"","ocean_shortcode_after_top_bar":"","ocean_shortcode_before_header":"","ocean_shortcode_after_header":"","ocean_has_shortcode":"","ocean_shortcode_after_title":"","ocean_shortcode_before_footer_widgets":"","ocean_shortcode_after_footer_widgets":"","ocean_shortcode_before_footer_bottom":"","ocean_shortcode_after_footer_bottom":"","ocean_display_top_bar":"default","ocean_display_header":"default","ocean_header_style":"","ocean_center_header_left_menu":"0","ocean_custom_header_template":"0","ocean_custom_logo":0,"ocean_custom_retina_logo":0,"ocean_custom_logo_max_width":0,"ocean_custom_logo_tablet_max_width":0,"ocean_custom_logo_mobile_max_width":0,"ocean_custom_logo_max_height":0,"ocean_custom_logo_tablet_max_height":0,"ocean_custom_logo_mobile_max_height":0,"ocean_header_custom_menu":"0","ocean_menu_typo_font_family":"0","ocean_menu_typo_font_subset":"","ocean_menu_typo_font_size":0,"ocean_menu_typo_font_size_tablet":0,"ocean_menu_typo_font_size_mobile":0,"ocean_menu_typo_font_size_unit":"px","ocean_menu_typo_font_weight":"","ocean_menu_typo_font_weight_tablet":"","ocean_menu_typo_font_weight_mobile":"","ocean_menu_typo_transform":"","ocean_menu_typo_transform_tablet":"","ocean_menu_typo_transform_mobile":"","ocean_menu_typo_line_height":0,"ocean_menu_typo_line_height_tablet":0,"ocean_menu_typo_line_height_mobile":0,"ocean_menu_typo_line_height_unit":"","ocean_menu_typo_spacing":0,"ocean_menu_typo_spacing_tablet":0,"ocean_menu_typo_spacing_mobile":0,"ocean_menu_typo_spacing_unit":"","ocean_menu_link_color":"","ocean_menu_link_color_hover":"","ocean_menu_link_color_active":"","ocean_menu_link_background":"","ocean_menu_link_hover_background":"","ocean_menu_link_active_background":"","ocean_menu_social_links_bg":"","ocean_menu_social_hover_links_bg":"","ocean_menu_social_links_color":"","ocean_menu_social_hover_links_color":"","ocean_disable_title":"default","ocean_disable_heading":"default","ocean_post_title":"","ocean_post_subheading":"","ocean_post_title_style":"","ocean_post_title_background_color":"","ocean_post_title_background":0,"ocean_post_title_bg_image_position":"","ocean_post_title_bg_image_attachment":"","ocean_post_title_bg_image_repeat":"","ocean_post_title_bg_image_size":"","ocean_post_title_height":0,"ocean_post_title_bg_overlay":0.5,"ocean_post_title_bg_overlay_color":"","ocean_disable_breadcrumbs":"default","ocean_breadcrumbs_color":"","ocean_breadcrumbs_separator_color":"","ocean_breadcrumbs_links_color":"","ocean_breadcrumbs_links_hover_color":"","ocean_display_footer_widgets":"default","ocean_display_footer_bottom":"default","ocean_custom_footer_template":"0"},"yoast_head":"<!-- This site is optimized with the Yoast SEO plugin v21.8.1 - https:\/\/yoast.com\/wordpress\/plugins\/seo\/ -->\n<title>Oeufs - Les Jardins de Boscornut<\/title>\n<meta name=\"robots\" content=\"index, follow, max-snippet:-1, max-image-preview:large, max-video-preview:-1\" \/>\n<link rel=\"canonical\" href=\"https:\/\/www.jardins-de-boscornut.com\/index.php\/produits\/oeufs\/\" \/>\n<meta property=\"og:locale\" content=\"fr_FR\" \/>\n<meta property=\"og:type\" content=\"article\" \/>\n<meta property=\"og:title\" content=\"Oeufs - Les Jardins de Boscornut\" \/>\n<meta property=\"og:description\" content=\"Nos poules pondeuses sont \u00e9lev\u00e9es en Agriculture Biologique.\u00a0 Elles disposent d&rsquo;un grand terrain enherb\u00e9 et ombrag\u00e9 pour p\u00e2turer. Nos pondeuses sont nourries avec les c\u00e9r\u00e9ales biologiques du Moulin Beynel en Corr\u00e8ze. O\u00f9 acheter nos oeufs ?\" \/>\n<meta property=\"og:url\" content=\"https:\/\/www.jardins-de-boscornut.com\/index.php\/produits\/oeufs\/\" \/>\n<meta property=\"og:site_name\" content=\"Les Jardins de Boscornut\" \/>\n<meta property=\"article:modified_time\" content=\"2025-04-08T05:20:27+00:00\" \/>\n<meta property=\"og:image\" content=\"https:\/\/www.jardins-de-boscornut.com\/wp-content\/uploads\/2025\/04\/oeufs_web1-1024x768.jpg\" \/>\n<meta name=\"twitter:card\" content=\"summary_large_image\" \/>\n<meta name=\"twitter:label1\" content=\"Dur\u00e9e de lecture estim\u00e9e\" \/>\n\t<meta name=\"twitter:data1\" content=\"2 minutes\" \/>\n<script type=\"application\/ld+json\" class=\"yoast-schema-graph\">{\"@context\":\"https:\/\/schema.org\",\"@graph\":[{\"@type\":\"WebPage\",\"@id\":\"https:\/\/www.jardins-de-boscornut.com\/index.php\/produits\/oeufs\/\",\"url\":\"https:\/\/www.jardins-de-boscornut.com\/index.php\/produits\/oeufs\/\",\"name\":\"Oeufs - Les Jardins de Boscornut\",\"isPartOf\":{\"@id\":\"https:\/\/www.jardins-de-boscornut.com\/#website\"},\"datePublished\":\"2019-09-26T10:14:03+00:00\",\"dateModified\":\"2025-04-08T05:20:27+00:00\",\"breadcrumb\":{\"@id\":\"https:\/\/www.jardins-de-boscornut.com\/index.php\/produits\/oeufs\/#breadcrumb\"},\"inLanguage\":\"fr-FR\",\"potentialAction\":[{\"@type\":\"ReadAction\",\"target\":[\"https:\/\/www.jardins-de-boscornut.com\/index.php\/produits\/oeufs\/\"]}]},{\"@type\":\"BreadcrumbList\",\"@id\":\"https:\/\/www.jardins-de-boscornut.com\/index.php\/produits\/oeufs\/#breadcrumb\",\"itemListElement\":[{\"@type\":\"ListItem\",\"position\":1,\"name\":\"Accueil\",\"item\":\"https:\/\/www.jardins-de-boscornut.com\/\"},{\"@type\":\"ListItem\",\"position\":2,\"name\":\"Produits\",\"item\":\"https:\/\/www.jardins-de-boscornut.com\/index.php\/produits\/\"},{\"@type\":\"ListItem\",\"position\":3,\"name\":\"Oeufs\"}]},{\"@type\":\"WebSite\",\"@id\":\"https:\/\/www.jardins-de-boscornut.com\/#website\",\"url\":\"https:\/\/www.jardins-de-boscornut.com\/\",\"name\":\"Les Jardins de Boscornut\",\"description\":\"L\u00e9gumes, oeufs et CBD \u00e0 Ste-Orse\",\"publisher\":{\"@id\":\"https:\/\/www.jardins-de-boscornut.com\/#organization\"},\"potentialAction\":[{\"@type\":\"SearchAction\",\"target\":{\"@type\":\"EntryPoint\",\"urlTemplate\":\"https:\/\/www.jardins-de-boscornut.com\/?s={search_term_string}\"},\"query-input\":\"required name=search_term_string\"}],\"inLanguage\":\"fr-FR\"},{\"@type\":\"Organization\",\"@id\":\"https:\/\/www.jardins-de-boscornut.com\/#organization\",\"name\":\"Les Jardins de Boscornut\",\"url\":\"https:\/\/www.jardins-de-boscornut.com\/\",\"logo\":{\"@type\":\"ImageObject\",\"inLanguage\":\"fr-FR\",\"@id\":\"https:\/\/www.jardins-de-boscornut.com\/#\/schema\/logo\/image\/\",\"url\":\"https:\/\/www.jardins-de-boscornut.com\/wp-content\/uploads\/2019\/09\/logo.jpg\",\"contentUrl\":\"https:\/\/www.jardins-de-boscornut.com\/wp-content\/uploads\/2019\/09\/logo.jpg\",\"width\":1500,\"height\":964,\"caption\":\"Les Jardins de Boscornut\"},\"image\":{\"@id\":\"https:\/\/www.jardins-de-boscornut.com\/#\/schema\/logo\/image\/\"}}]}<\/script>\n<!-- \/ Yoast SEO plugin. -->","yoast_head_json":{"title":"Oeufs - Les Jardins de Boscornut","robots":{"index":"index","follow":"follow","max-snippet":"max-snippet:-1","max-image-preview":"max-image-preview:large","max-video-preview":"max-video-preview:-1"},"canonical":"https:\/\/www.jardins-de-boscornut.com\/index.php\/produits\/oeufs\/","og_locale":"fr_FR","og_type":"article","og_title":"Oeufs - Les Jardins de Boscornut","og_description":"Nos poules pondeuses sont \u00e9lev\u00e9es en Agriculture Biologique.\u00a0 Elles disposent d&rsquo;un grand terrain enherb\u00e9 et ombrag\u00e9 pour p\u00e2turer. Nos pondeuses sont nourries avec les c\u00e9r\u00e9ales biologiques du Moulin Beynel en Corr\u00e8ze. O\u00f9 acheter nos oeufs ?","og_url":"https:\/\/www.jardins-de-boscornut.com\/index.php\/produits\/oeufs\/","og_site_name":"Les Jardins de Boscornut","article_modified_time":"2025-04-08T05:20:27+00:00","og_image":[{"url":"https:\/\/www.jardins-de-boscornut.com\/wp-content\/uploads\/2025\/04\/oeufs_web1-1024x768.jpg"}],"twitter_card":"summary_large_image","twitter_misc":{"Dur\u00e9e de lecture estim\u00e9e":"2 minutes"},"schema":{"@context":"https:\/\/schema.org","@graph":[{"@type":"WebPage","@id":"https:\/\/www.jardins-de-boscornut.com\/index.php\/produits\/oeufs\/","url":"https:\/\/www.jardins-de-boscornut.com\/index.php\/produits\/oeufs\/","name":"Oeufs - Les Jardins de Boscornut","isPartOf":{"@id":"https:\/\/www.jardins-de-boscornut.com\/#website"},"datePublished":"2019-09-26T10:14:03+00:00","dateModified":"2025-04-08T05:20:27+00:00","breadcrumb":{"@id":"https:\/\/www.jardins-de-boscornut.com\/index.php\/produits\/oeufs\/#breadcrumb"},"inLanguage":"fr-FR","potentialAction":[{"@type":"ReadAction","target":["https:\/\/www.jardins-de-boscornut.com\/index.php\/produits\/oeufs\/"]}]},{"@type":"BreadcrumbList","@id":"https:\/\/www.jardins-de-boscornut.com\/index.php\/produits\/oeufs\/#breadcrumb","itemListElement":[{"@type":"ListItem","position":1,"name":"Accueil","item":"https:\/\/www.jardins-de-boscornut.com\/"},{"@type":"ListItem","position":2,"name":"Produits","item":"https:\/\/www.jardins-de-boscornut.com\/index.php\/produits\/"},{"@type":"ListItem","position":3,"name":"Oeufs"}]},{"@type":"WebSite","@id":"https:\/\/www.jardins-de-boscornut.com\/#website","url":"https:\/\/www.jardins-de-boscornut.com\/","name":"Les Jardins de Boscornut","description":"L\u00e9gumes, oeufs et CBD \u00e0 Ste-Orse","publisher":{"@id":"https:\/\/www.jardins-de-boscornut.com\/#organization"},"potentialAction":[{"@type":"SearchAction","target":{"@type":"EntryPoint","urlTemplate":"https:\/\/www.jardins-de-boscornut.com\/?s={search_term_string}"},"query-input":"required name=search_term_string"}],"inLanguage":"fr-FR"},{"@type":"Organization","@id":"https:\/\/www.jardins-de-boscornut.com\/#organization","name":"Les Jardins de Boscornut","url":"https:\/\/www.jardins-de-boscornut.com\/","logo":{"@type":"ImageObject","inLanguage":"fr-FR","@id":"https:\/\/www.jardins-de-boscornut.com\/#\/schema\/logo\/image\/","url":"https:\/\/www.jardins-de-boscornut.com\/wp-content\/uploads\/2019\/09\/logo.jpg","contentUrl":"https:\/\/www.jardins-de-boscornut.com\/wp-content\/uploads\/2019\/09\/logo.jpg","width":1500,"height":964,"caption":"Les Jardins de Boscornut"},"image":{"@id":"https:\/\/www.jardins-de-boscornut.com\/#\/schema\/logo\/image\/"}}]}},"_links":{"self":[{"href":"https:\/\/www.jardins-de-boscornut.com\/index.php\/wp-json\/wp\/v2\/pages\/119"}],"collection":[{"href":"https:\/\/www.jardins-de-boscornut.com\/index.php\/wp-json\/wp\/v2\/pages"}],"about":[{"href":"https:\/\/www.jardins-de-boscornut.com\/index.php\/wp-json\/wp\/v2\/types\/page"}],"author":[{"embeddable":true,"href":"https:\/\/www.jardins-de-boscornut.com\/index.php\/wp-json\/wp\/v2\/users\/2"}],"replies":[{"embeddable":true,"href":"https:\/\/www.jardins-de-boscornut.com\/index.php\/wp-json\/wp\/v2\/comments?post=119"}],"version-history":[{"count":13,"href":"https:\/\/www.jardins-de-boscornut.com\/index.php\/wp-json\/wp\/v2\/pages\/119\/revisions"}],"predecessor-version":[{"id":697,"href":"https:\/\/www.jardins-de-boscornut.com\/index.php\/wp-json\/wp\/v2\/pages\/119\/revisions\/697"}],"up":[{"embeddable":true,"href":"https:\/\/www.jardins-de-boscornut.com\/index.php\/wp-json\/wp\/v2\/pages\/65"}],"wp:attachment":[{"href":"https:\/\/www.jardins-de-boscornut.com\/index.php\/wp-json\/wp\/v2\/media?parent=119"}],"curies":[{"name":"wp","href":"https:\/\/api.w.org\/{rel}","templated":true}]}}